{"id":1205,"date":"2023-12-20T13:34:15","date_gmt":"2023-12-20T12:34:15","guid":{"rendered":"https:\/\/robikovacstattoo.com\/?page_id=1205"},"modified":"2023-12-20T13:47:02","modified_gmt":"2023-12-20T12:47:02","slug":"cookie-policy","status":"publish","type":"page","link":"https:\/\/robikovacstattoo.com\/en\/cookie-richtlinie\/","title":{"rendered":"Cookie Policy"},"content":{"rendered":"<div data-elementor-type=\"wp-page\" data-elementor-id=\"1205\" class=\"elementor elementor-1205\" data-elementor-post-type=\"page\">\n\t\t\t\t<section class=\"elementor-element elementor-element-6740793 e-flex e-con-boxed e-con e-parent\" data-id=\"6740793\" data-element_type=\"container\" data-e-type=\"container\" data-settings=\"{&quot;_ob_use_container_extras&quot;:&quot;no&quot;,&quot;_ob_column_has_pseudo&quot;:&quot;no&quot;}\">\n\t\t\t\t\t<div class=\"e-con-inner\">\n\t\t<div class=\"elementor-element elementor-element-fa45919 e-con-full e-flex ob-is-container-extras e-con e-child\" data-id=\"fa45919\" data-element_type=\"container\" data-e-type=\"container\" data-settings=\"{&quot;_ob_use_container_extras&quot;:&quot;yes&quot;,&quot;_ob_column_has_pseudo&quot;:&quot;no&quot;}\">\n\t\t\t\t<div class=\"elementor-element elementor-element-4cb0cfa elementor-widget elementor-widget-heading\" data-id=\"4cb0cfa\" data-element_type=\"widget\" data-e-type=\"widget\" data-widget_type=\"heading.default\">\n\t\t\t\t<div class=\"elementor-widget-container\">\n\t\t\t\t\t<h1 class=\"elementor-heading-title elementor-size-default\">Cookie Policy<\/h1>\t\t\t\t<\/div>\n\t\t\t\t<\/div>\n\t\t\t\t<\/div>\n\t\t<div class=\"elementor-element elementor-element-b9f6cc1 e-con-full e-flex ob-is-container-extras e-con e-child\" data-id=\"b9f6cc1\" data-element_type=\"container\" data-e-type=\"container\" data-settings=\"{&quot;_ob_use_container_extras&quot;:&quot;yes&quot;,&quot;_ob_column_has_pseudo&quot;:&quot;no&quot;}\">\n\t\t\t\t<div class=\"elementor-element elementor-element-5f56df7 ob-has-background-overlay elementor-widget elementor-widget-heading\" data-id=\"5f56df7\" data-element_type=\"widget\" data-e-type=\"widget\" data-settings=\"{&quot;_ob_poopart_use&quot;:&quot;yes&quot;}\" data-widget_type=\"heading.default\">\n\t\t\t\t<div class=\"elementor-widget-container\">\n\t\t\t\t\t<h3 class=\"elementor-heading-title elementor-size-default\">Was sind Cookies und wie kannst du die Einstellungen \u00e4ndern?<\/h3>\t\t\t\t<\/div>\n\t\t\t\t<\/div>\n\t\t\t\t<div class=\"elementor-element elementor-element-f435fb4 ob-has-background-overlay elementor-widget elementor-widget-text-editor\" data-id=\"f435fb4\" data-element_type=\"widget\" data-e-type=\"widget\" data-settings=\"{&quot;_ob_poopart_use&quot;:&quot;yes&quot;}\" data-widget_type=\"text-editor.default\">\n\t\t\t\t<div class=\"elementor-widget-container\">\n\t\t\t\t\t\t\t\t\t<p>Cookies (auf Englisch cookies) sind kleine Dateien, die von Webseiten auf die Ger\u00e4te der Besucher gelegt werden.<\/p><p>Was machen Cookies? Sie sammeln Informationen \u00fcber dich und deine Ger\u00e4te, speichern deine Einstellungen, erleichtern die Nutzung der Website und bieten dir dadurch ein hervorragendes Nutzererlebnis.<\/p><p>Es gibt tempor\u00e4re Cookies, die verschwinden, wenn du deinen Browser schlie\u00dft, und permanente Cookies, die l\u00e4nger auf deinem Ger\u00e4t bleiben. Nach dem Gesetz d\u00fcrfen wir Cookies auf deinem Ger\u00e4t nur speichern, wenn sie unbedingt notwendig sind, damit unsere Seite richtig funktioniert.<\/p><p>F\u00fcr alle anderen Cookies ben\u00f6tigen wir deine Zustimmung. Wir verwenden verschiedene Arten von Cookies auf unserer Seite. Einige Cookies werden von unseren Dienstleistern von Drittanbietern platziert.<\/p><p>Browser erm\u00f6glichen es dir, deine Cookie-Einstellungen zu \u00e4ndern. Die meisten Browser akzeptieren Cookies standardm\u00e4\u00dfig, aber du kannst dies \u00e4ndern, um nicht automatisch Cookies zu akzeptieren.<\/p><p>Wenn du mehr dar\u00fcber erfahren m\u00f6chtest, wie du deine Browsereinstellungen \u00e4ndern kannst, sieh dir die Anweisungen deines Browsers oder die Hilfe an. Auf den folgenden Links findest du Informationen \u00fcber die Cookie-Einstellungen der beliebtesten Browser:<\/p><ul><li><a href=\"https:\/\/support.google.com\/accounts\/answer\/61416?hl=hu\" target=\"_blank\" rel=\"noopener\">Google Chrome<\/a><\/li><li><a href=\"https:\/\/support.mozilla.org\/hu\/kb\/S%C3%BCtik%20kezel%C3%A9se\" target=\"_blank\" rel=\"noopener\">Firefox<\/a><\/li><li><a href=\"http:\/\/windows.microsoft.com\/hu-hu\/internet-explorer\/delete-manage-cookies#ie=ie-11\" target=\"_blank\" rel=\"noopener\">Microsoft Internet Explorer<\/a><\/li><li><a href=\"http:\/\/windows.microsoft.com\/hu-hu\/windows-10\/edge-privacy-faq\" target=\"_blank\" rel=\"noopener\">Microsoft Edge<\/a><\/li><li><a href=\"https:\/\/support.apple.com\/hu-hu\/guide\/safari\/sfri11471\/mac\" target=\"_blank\" rel=\"noopener\">Safari<\/a><\/li><\/ul>\t\t\t\t\t\t\t\t<\/div>\n\t\t\t\t<\/div>\n\t\t\t\t<div class=\"elementor-element elementor-element-f6439b2 ob-has-background-overlay elementor-widget elementor-widget-heading\" data-id=\"f6439b2\" data-element_type=\"widget\" data-e-type=\"widget\" data-settings=\"{&quot;_ob_poopart_use&quot;:&quot;yes&quot;}\" data-widget_type=\"heading.default\">\n\t\t\t\t<div class=\"elementor-widget-container\">\n\t\t\t\t\t<h3 class=\"elementor-heading-title elementor-size-default\">Wo erfolgt die Information und Zustimmung zur Cookie-Verwaltung?<\/h3>\t\t\t\t<\/div>\n\t\t\t\t<\/div>\n\t\t\t\t<div class=\"elementor-element elementor-element-7528f9c ob-has-background-overlay elementor-widget elementor-widget-text-editor\" data-id=\"7528f9c\" data-element_type=\"widget\" data-e-type=\"widget\" data-settings=\"{&quot;_ob_poopart_use&quot;:&quot;yes&quot;}\" data-widget_type=\"text-editor.default\">\n\t\t\t\t<div class=\"elementor-widget-container\">\n\t\t\t\t\t\t\t\t\t<p>Wenn du unsere Website zum ersten Mal besuchst, erscheint ein Pop-up-Fenster am unteren Bildschirmrand, in dem du angeben kannst, welche Cookies du zul\u00e4sst.<\/p>\t\t\t\t\t\t\t\t<\/div>\n\t\t\t\t<\/div>\n\t\t\t\t<div class=\"elementor-element elementor-element-74a22da ob-has-background-overlay elementor-widget elementor-widget-heading\" data-id=\"74a22da\" data-element_type=\"widget\" data-e-type=\"widget\" data-settings=\"{&quot;_ob_poopart_use&quot;:&quot;yes&quot;}\" data-widget_type=\"heading.default\">\n\t\t\t\t<div class=\"elementor-widget-container\">\n\t\t\t\t\t<h3 class=\"elementor-heading-title elementor-size-default\">Welche Arten von Cookies gibt es?<\/h3>\t\t\t\t<\/div>\n\t\t\t\t<\/div>\n\t\t\t\t<div class=\"elementor-element elementor-element-bcece1a ob-has-background-overlay elementor-widget elementor-widget-heading\" data-id=\"bcece1a\" data-element_type=\"widget\" data-e-type=\"widget\" data-settings=\"{&quot;_ob_poopart_use&quot;:&quot;yes&quot;}\" data-widget_type=\"heading.default\">\n\t\t\t\t<div class=\"elementor-widget-container\">\n\t\t\t\t\t<h4 class=\"elementor-heading-title elementor-size-default\">Unverzichtbare Cookies<\/h4>\t\t\t\t<\/div>\n\t\t\t\t<\/div>\n\t\t\t\t<div class=\"elementor-element elementor-element-a30960c ob-has-background-overlay elementor-widget elementor-widget-text-editor\" data-id=\"a30960c\" data-element_type=\"widget\" data-e-type=\"widget\" data-settings=\"{&quot;_ob_poopart_use&quot;:&quot;yes&quot;}\" data-widget_type=\"text-editor.default\">\n\t\t\t\t<div class=\"elementor-widget-container\">\n\t\t\t\t\t\t\t\t\t<p>Diese Cookies sind notwendig, damit unsere Website funktioniert, und erm\u00f6glichen grundlegende Funktionen wie Navigation und Zugang zu sicheren Bereichen der Website. Ohne diese Cookies k\u00f6nnte unsere Seite nicht richtig laufen.<\/p><ul><li>PHPSESSID: Unterst\u00fctzt die Navigation auf der Seite, erstellt eine Sitzung zwischen den Seitenanforderungen. Dauer: solange dein Browser ge\u00f6ffnet ist.<\/li><li>moove_gdpr_popup: Speichert deine Cookie-Einstellungen f\u00fcr die jeweilige Domain. Dauer: 1 Jahr.<\/li><li>JSESSIONID: Weist jedem Seitenaufruf eine anonyme ID zu, um die Nutzbarkeit der Seite zu verbessern. Dauer: solange dein Browser ge\u00f6ffnet ist.<\/li><\/ul>\t\t\t\t\t\t\t\t<\/div>\n\t\t\t\t<\/div>\n\t\t\t\t<div class=\"elementor-element elementor-element-a5f0f19 ob-has-background-overlay elementor-widget elementor-widget-heading\" data-id=\"a5f0f19\" data-element_type=\"widget\" data-e-type=\"widget\" data-settings=\"{&quot;_ob_poopart_use&quot;:&quot;yes&quot;}\" data-widget_type=\"heading.default\">\n\t\t\t\t<div class=\"elementor-widget-container\">\n\t\t\t\t\t<h4 class=\"elementor-heading-title elementor-size-default\">Pr\u00e4ferenz-Cookies<\/h4>\t\t\t\t<\/div>\n\t\t\t\t<\/div>\n\t\t\t\t<div class=\"elementor-element elementor-element-85c64f7 ob-has-background-overlay elementor-widget elementor-widget-text-editor\" data-id=\"85c64f7\" data-element_type=\"widget\" data-e-type=\"widget\" data-settings=\"{&quot;_ob_poopart_use&quot;:&quot;yes&quot;}\" data-widget_type=\"text-editor.default\">\n\t\t\t\t<div class=\"elementor-widget-container\">\n\t\t\t\t\t\t\t\t\t<p>Diese Cookies helfen uns, Informationen zu speichern, die das Aussehen oder Verhalten der Seite \u00e4ndern, wie deine bevorzugte Sprache oder die Region, in der du dich befindest.<\/p>\t\t\t\t\t\t\t\t<\/div>\n\t\t\t\t<\/div>\n\t\t\t\t<div class=\"elementor-element elementor-element-13f9364 ob-has-background-overlay elementor-widget elementor-widget-heading\" data-id=\"13f9364\" data-element_type=\"widget\" data-e-type=\"widget\" data-settings=\"{&quot;_ob_poopart_use&quot;:&quot;yes&quot;}\" data-widget_type=\"heading.default\">\n\t\t\t\t<div class=\"elementor-widget-container\">\n\t\t\t\t\t<h4 class=\"elementor-heading-title elementor-size-default\">Cookies f\u00fcr statistische Zwecke<\/h4>\t\t\t\t<\/div>\n\t\t\t\t<\/div>\n\t\t\t\t<div class=\"elementor-element elementor-element-b84b789 ob-has-background-overlay elementor-widget elementor-widget-text-editor\" data-id=\"b84b789\" data-element_type=\"widget\" data-e-type=\"widget\" data-settings=\"{&quot;_ob_poopart_use&quot;:&quot;yes&quot;}\" data-widget_type=\"text-editor.default\">\n\t\t\t\t<div class=\"elementor-widget-container\">\n\t\t\t\t\t\t\t\t\t<p>Sie sammeln anonym Daten und helfen uns zu verstehen, wie Besucher die Seite nutzen.<\/p><ul><li>_ga und _gid: Zeichnen eine eindeutige ID auf, um anonyme statistische Daten \u00fcber die Nutzung der Website zu sammeln. Dauer: 2 Jahre.<\/li><li>_gat: Wird von Google Analytics verwendet, um die H\u00e4ufigkeit von Anfragen zu regulieren. Dauer: solange dein Browser ge\u00f6ffnet ist.<\/li><li>collect: Sammelt Daten f\u00fcr Google Analytics \u00fcber deine Browsing-Gewohnheiten \u00fcber verschiedene Ger\u00e4te und Marketingkan\u00e4le hinweg. Dauer: solange dein Browser ge\u00f6ffnet ist.<\/li><\/ul>\t\t\t\t\t\t\t\t<\/div>\n\t\t\t\t<\/div>\n\t\t\t\t<div class=\"elementor-element elementor-element-56ccfef ob-has-background-overlay elementor-widget elementor-widget-heading\" data-id=\"56ccfef\" data-element_type=\"widget\" data-e-type=\"widget\" data-settings=\"{&quot;_ob_poopart_use&quot;:&quot;yes&quot;}\" data-widget_type=\"heading.default\">\n\t\t\t\t<div class=\"elementor-widget-container\">\n\t\t\t\t\t<h4 class=\"elementor-heading-title elementor-size-default\">Cookies f\u00fcr Marketingzwecke<\/h4>\t\t\t\t<\/div>\n\t\t\t\t<\/div>\n\t\t\t\t<div class=\"elementor-element elementor-element-1ebe111 ob-has-background-overlay elementor-widget elementor-widget-text-editor\" data-id=\"1ebe111\" data-element_type=\"widget\" data-e-type=\"widget\" data-settings=\"{&quot;_ob_poopart_use&quot;:&quot;yes&quot;}\" data-widget_type=\"text-editor.default\">\n\t\t\t\t<div class=\"elementor-widget-container\">\n\t\t\t\t\t\t\t\t\t<p>Diese Cookies helfen uns, deine Aktivit\u00e4ten auf der Seite zu verfolgen, um dir relevantere Werbung und Inhalte zu zeigen und zur Aktivit\u00e4t anzuregen.<\/p><ul><li>ads\/ga-audiences: Wird von Google Adwords verwendet, um dir auf Basis deiner Browsing-Gewohnheiten gezielte Werbung zu zeigen. Dauer: solange dein Browser ge\u00f6ffnet ist.<\/li><li>pref: Zeichnet eine eindeutige ID auf; wird von YouTube verwendet, um Statistiken dar\u00fcber zu erstellen, welche Videos du angesehen hast. Dauer: 8 Monate.<\/li><li>fr und tr: Wird von Facebook verwendet, um dir auf Basis deiner Browsing-Gewohnheiten gezielte Werbung zu zeigen. Dauer: fr 3 Monate, tr solange dein Browser ge\u00f6ffnet ist.<\/li><\/ul>\t\t\t\t\t\t\t\t<\/div>\n\t\t\t\t<\/div>\n\t\t\t\t<div class=\"elementor-element elementor-element-9a3a188 ob-has-background-overlay elementor-widget elementor-widget-text-editor\" data-id=\"9a3a188\" data-element_type=\"widget\" data-e-type=\"widget\" data-settings=\"{&quot;_ob_poopart_use&quot;:&quot;yes&quot;}\" data-widget_type=\"text-editor.default\">\n\t\t\t\t<div class=\"elementor-widget-container\">\n\t\t\t\t\t\t\t\t\t<p>Wichtig! Die Laufzeiten einiger Cookies variieren, Informationen zu den Facebook-Cookies findest du hier: https:\/\/www.facebook.com\/policies\/cookies\/<\/p>\t\t\t\t\t\t\t\t<\/div>\n\t\t\t\t<\/div>\n\t\t\t\t<div class=\"elementor-element elementor-element-8c2e9bc elementor-widget__width-inherit ob-has-background-overlay elementor-widget elementor-widget-heading\" data-id=\"8c2e9bc\" data-element_type=\"widget\" data-e-type=\"widget\" data-settings=\"{&quot;_ob_poopart_use&quot;:&quot;yes&quot;}\" data-widget_type=\"heading.default\">\n\t\t\t\t<div class=\"elementor-widget-container\">\n\t\t\t\t\t<h3 class=\"elementor-heading-title elementor-size-default\">\u00dcberpr\u00fcfung und Deaktivierung der Cookie-Einstellungen<\/h3>\t\t\t\t<\/div>\n\t\t\t\t<\/div>\n\t\t\t\t<div class=\"elementor-element elementor-element-f8ad240 ob-has-background-overlay elementor-widget elementor-widget-text-editor\" data-id=\"f8ad240\" data-element_type=\"widget\" data-e-type=\"widget\" data-settings=\"{&quot;_ob_poopart_use&quot;:&quot;yes&quot;}\" data-widget_type=\"text-editor.default\">\n\t\t\t\t<div class=\"elementor-widget-container\">\n\t\t\t\t\t\t\t\t\t<p>Moderne Browser erm\u00f6glichen es dir, deine Cookie-Einstellungen zu \u00e4ndern. Obwohl viele Browser standardm\u00e4\u00dfig automatisch Cookies akzeptieren, kannst du diese Einstellung \u00e4ndern, um die automatische Akzeptanz von Cookies in Zukunft zu verhindern.<\/p><p>Wenn du diese Einstellung \u00e4nderst, bietet dir dein Browser jedes Mal die M\u00f6glichkeit, deine Cookie-Einstellungen zu \u00e4ndern.<\/p><p>Auch wenn du \u201eCookies\u201c zul\u00e4sst, speichern wir keine Identifikatoren oder Passw\u00f6rter. Selbst wenn du \u201eCookies\u201c akzeptierst, kannst du unsere Dienste sicher verwenden.<\/p><p>Wir m\u00f6chten unsere Besucher darauf hinweisen, dass, da der Zweck von \u201eCookies\u201c darin besteht, die Nutzung und Prozesse der Website zu erleichtern, das Blockieren von \u201eCookies\u201c m\u00f6glicherweise dazu f\u00fchrt, dass du nicht in der Lage bist, alle Funktionen der Website vollst\u00e4ndig zu nutzen. In diesem Fall kann die Website in deinem Browser anders als geplant funktionieren.<\/p>\t\t\t\t\t\t\t\t<\/div>\n\t\t\t\t<\/div>\n\t\t\t\t<div class=\"elementor-element elementor-element-6ba5102 elementor-widget__width-inherit ob-has-background-overlay elementor-widget elementor-widget-heading\" data-id=\"6ba5102\" data-element_type=\"widget\" data-e-type=\"widget\" data-settings=\"{&quot;_ob_poopart_use&quot;:&quot;yes&quot;}\" data-widget_type=\"heading.default\">\n\t\t\t\t<div class=\"elementor-widget-container\">\n\t\t\t\t\t<h3 class=\"elementor-heading-title elementor-size-default\">Privacy Policy<\/h3>\t\t\t\t<\/div>\n\t\t\t\t<\/div>\n\t\t\t\t<div class=\"elementor-element elementor-element-5d63502 ob-has-background-overlay elementor-widget elementor-widget-text-editor\" data-id=\"5d63502\" data-element_type=\"widget\" data-e-type=\"widget\" data-settings=\"{&quot;_ob_poopart_use&quot;:&quot;yes&quot;}\" data-widget_type=\"text-editor.default\">\n\t\t\t\t<div class=\"elementor-widget-container\">\n\t\t\t\t\t\t\t\t\t<p class=\"translation-block\">Neben der Verwaltung der durch Cookies gespeicherten Daten ist es wichtig, dass du auch dar\u00fcber im Klaren bist, wie wir die auf unserer Seite angegebenen pers\u00f6nlichen Daten verwalten. Zu diesem Zweck ist auf unserer Website eine detaillierte <a href=\"https:\/\/robikovacstattoo.com\/en\/privacy-policy\/\" target=\"_self\">Datenschutzerkl\u00e4rung<\/a> verf\u00fcgbar.<\/p>\t\t\t\t\t\t\t\t<\/div>\n\t\t\t\t<\/div>\n\t\t\t\t<\/div>\n\t\t\t\t\t<\/div>\n\t\t\t\t<\/section>\n\t\t\t\t<\/div>","protected":false},"excerpt":{"rendered":"<p>Cookie-Richtlinie Was sind Cookies und wie kannst du die Einstellungen \u00e4ndern? Cookies (auf Englisch cookies) sind kleine Dateien, die von Webseiten auf die Ger\u00e4te der Besucher gelegt werden. Was machen Cookies? Sie sammeln Informationen \u00fcber dich und deine Ger\u00e4te, speichern deine Einstellungen, erleichtern die Nutzung der Website und bieten dir dadurch ein hervorragendes Nutzererlebnis. Es [&hellip;]<\/p>\n","protected":false},"author":1,"featured_media":0,"parent":0,"menu_order":0,"comment_status":"closed","ping_status":"closed","template":"","meta":{"footnotes":""},"class_list":["post-1205","page","type-page","status-publish","hentry"],"_links":{"self":[{"href":"https:\/\/robikovacstattoo.com\/en\/wp-json\/wp\/v2\/pages\/1205","targetHints":{"allow":["GET"]}}],"collection":[{"href":"https:\/\/robikovacstattoo.com\/en\/wp-json\/wp\/v2\/pages"}],"about":[{"href":"https:\/\/robikovacstattoo.com\/en\/wp-json\/wp\/v2\/types\/page"}],"author":[{"embeddable":true,"href":"https:\/\/robikovacstattoo.com\/en\/wp-json\/wp\/v2\/users\/1"}],"replies":[{"embeddable":true,"href":"https:\/\/robikovacstattoo.com\/en\/wp-json\/wp\/v2\/comments?post=1205"}],"version-history":[{"count":5,"href":"https:\/\/robikovacstattoo.com\/en\/wp-json\/wp\/v2\/pages\/1205\/revisions"}],"predecessor-version":[{"id":1218,"href":"https:\/\/robikovacstattoo.com\/en\/wp-json\/wp\/v2\/pages\/1205\/revisions\/1218"}],"wp:attachment":[{"href":"https:\/\/robikovacstattoo.com\/en\/wp-json\/wp\/v2\/media?parent=1205"}],"curies":[{"name":"wp","href":"https:\/\/api.w.org\/{rel}","templated":true}]}}