{"id":1197,"date":"2023-12-20T13:25:08","date_gmt":"2023-12-20T12:25:08","guid":{"rendered":"https:\/\/robikovacstattoo.com\/?page_id=1197"},"modified":"2023-12-20T13:34:58","modified_gmt":"2023-12-20T12:34:58","slug":"impressum","status":"publish","type":"page","link":"https:\/\/robikovacstattoo.com\/hu\/impressum\/","title":{"rendered":"Impresszum"},"content":{"rendered":"<div data-elementor-type=\"wp-page\" data-elementor-id=\"1197\" class=\"elementor elementor-1197\" data-elementor-post-type=\"page\">\n\t\t\t\t<section class=\"elementor-element elementor-element-1ff1141 e-flex e-con-boxed e-con e-parent\" data-id=\"1ff1141\" data-element_type=\"container\" data-e-type=\"container\" data-settings=\"{&quot;_ob_use_container_extras&quot;:&quot;no&quot;,&quot;_ob_column_has_pseudo&quot;:&quot;no&quot;}\">\n\t\t\t\t\t<div class=\"e-con-inner\">\n\t\t<div class=\"elementor-element elementor-element-f05b4bb e-con-full e-flex ob-is-container-extras e-con e-child\" data-id=\"f05b4bb\" data-element_type=\"container\" data-e-type=\"container\" data-settings=\"{&quot;_ob_use_container_extras&quot;:&quot;yes&quot;,&quot;_ob_column_has_pseudo&quot;:&quot;no&quot;}\">\n\t\t\t\t<div class=\"elementor-element elementor-element-4aca1d4 elementor-widget elementor-widget-heading\" data-id=\"4aca1d4\" data-element_type=\"widget\" data-e-type=\"widget\" data-widget_type=\"heading.default\">\n\t\t\t\t<div class=\"elementor-widget-container\">\n\t\t\t\t\t<h1 class=\"elementor-heading-title elementor-size-default\">Impresszum<\/h1>\t\t\t\t<\/div>\n\t\t\t\t<\/div>\n\t\t\t\t<\/div>\n\t\t<div class=\"elementor-element elementor-element-311b74d e-con-full e-flex ob-is-container-extras e-con e-child\" data-id=\"311b74d\" data-element_type=\"container\" data-e-type=\"container\" data-settings=\"{&quot;_ob_use_container_extras&quot;:&quot;yes&quot;,&quot;_ob_column_has_pseudo&quot;:&quot;no&quot;}\">\n\t\t<div class=\"elementor-element elementor-element-e177e87 e-con-full e-flex e-con e-child\" data-id=\"e177e87\" data-element_type=\"container\" data-e-type=\"container\" data-settings=\"{&quot;_ob_use_container_extras&quot;:&quot;no&quot;,&quot;_ob_column_has_pseudo&quot;:&quot;no&quot;}\">\n\t\t\t\t<div class=\"elementor-element elementor-element-76f928e ob-has-background-overlay elementor-widget elementor-widget-heading\" data-id=\"76f928e\" data-element_type=\"widget\" data-e-type=\"widget\" data-settings=\"{&quot;_ob_poopart_use&quot;:&quot;yes&quot;}\" data-widget_type=\"heading.default\">\n\t\t\t\t<div class=\"elementor-widget-container\">\n\t\t\t\t\t<h3 class=\"elementor-heading-title elementor-size-default\">\u00dczemeltet\u0151 adatai<\/h3>\t\t\t\t<\/div>\n\t\t\t\t<\/div>\n\t\t\t\t<div class=\"elementor-element elementor-element-b5597c6 ob-has-background-overlay elementor-widget elementor-widget-text-editor\" data-id=\"b5597c6\" data-element_type=\"widget\" data-e-type=\"widget\" data-settings=\"{&quot;_ob_poopart_use&quot;:&quot;yes&quot;}\" data-widget_type=\"text-editor.default\">\n\t\t\t\t<div class=\"elementor-widget-container\">\n\t\t\t\t\t\t\t\t\t<p><strong>N\u00e9v:<\/strong> Kov\u00e1cs Robi<br \/><strong>Sz\u00e9khely<\/strong> Deutschland 93142, Maxh\u00fctte-Haidhof, Regensburger str. 32. <br \/><strong>E-mail c\u00edm:<\/strong> robitattooart@gmail.com<br \/><strong>Ad\u00f3sz\u00e1m:<\/strong> 248\/239\/50558<\/p>\t\t\t\t\t\t\t\t<\/div>\n\t\t\t\t<\/div>\n\t\t\t\t<\/div>\n\t\t<div class=\"elementor-element elementor-element-75be8d8 e-con-full e-flex e-con e-child\" data-id=\"75be8d8\" data-element_type=\"container\" data-e-type=\"container\" data-settings=\"{&quot;_ob_use_container_extras&quot;:&quot;no&quot;,&quot;_ob_column_has_pseudo&quot;:&quot;no&quot;}\">\n\t\t\t\t<div class=\"elementor-element elementor-element-4003f42 ob-has-background-overlay elementor-widget elementor-widget-heading\" data-id=\"4003f42\" data-element_type=\"widget\" data-e-type=\"widget\" data-settings=\"{&quot;_ob_poopart_use&quot;:&quot;yes&quot;}\" data-widget_type=\"heading.default\">\n\t\t\t\t<div class=\"elementor-widget-container\">\n\t\t\t\t\t<h3 class=\"elementor-heading-title elementor-size-default\">T\u00e1rhely szolg\u00e1ltat\u00f3 adatai<\/h3>\t\t\t\t<\/div>\n\t\t\t\t<\/div>\n\t\t\t\t<div class=\"elementor-element elementor-element-33b7e38 ob-has-background-overlay elementor-widget elementor-widget-text-editor\" data-id=\"33b7e38\" data-element_type=\"widget\" data-e-type=\"widget\" data-settings=\"{&quot;_ob_poopart_use&quot;:&quot;yes&quot;}\" data-widget_type=\"text-editor.default\">\n\t\t\t\t<div class=\"elementor-widget-container\">\n\t\t\t\t\t\t\t\t\t<p><strong>C\u00e9gn\u00e9v:<\/strong> T\u00e1rhely.Eu Szolg\u00e1ltat\u00f3 Kft.<br \/><strong>Levelez\u00e9si c\u00edm:<\/strong> 1538 Budapest, P.O. Box 510.<br \/><strong>Telefonsz\u00e1m:<\/strong> +36 1 789 2 789<br \/><strong>E-mail c\u00edm:<\/strong> support@tarhely.eu<br \/><strong>Weboldal:<\/strong> https:\/\/tarhely.eu\/<\/p>\t\t\t\t\t\t\t\t<\/div>\n\t\t\t\t<\/div>\n\t\t\t\t<\/div>\n\t\t\t\t<\/div>\n\t\t\t\t\t<\/div>\n\t\t\t\t<\/section>\n\t\t\t\t<\/div>","protected":false},"excerpt":{"rendered":"<p>IMPRESSUM Betreiberdaten Name: Robert KovacsFirmensitz: Deutschland 93142, Maxh\u00fctte-Haidhof, Regensburger str. 32. E-Mail-Adresse: robitattooart@gmail.comSteuernummer: 248\/239\/50558 Daten des Hosting-Anbieters Firmenname: T\u00e1rhely.Eu Szolg\u00e1ltat\u00f3 Kft.Postanschrift: 1538 Budapest, P.O. Box 510.Telefonnummer: +36 1 789 2 789E-Mail-Adresse: support@tarhely.euWebseite: https:\/\/tarhely.eu\/<\/p>","protected":false},"author":1,"featured_media":0,"parent":0,"menu_order":0,"comment_status":"closed","ping_status":"closed","template":"","meta":{"footnotes":""},"class_list":["post-1197","page","type-page","status-publish","hentry"],"_links":{"self":[{"href":"https:\/\/robikovacstattoo.com\/hu\/wp-json\/wp\/v2\/pages\/1197","targetHints":{"allow":["GET"]}}],"collection":[{"href":"https:\/\/robikovacstattoo.com\/hu\/wp-json\/wp\/v2\/pages"}],"about":[{"href":"https:\/\/robikovacstattoo.com\/hu\/wp-json\/wp\/v2\/types\/page"}],"author":[{"embeddable":true,"href":"https:\/\/robikovacstattoo.com\/hu\/wp-json\/wp\/v2\/users\/1"}],"replies":[{"embeddable":true,"href":"https:\/\/robikovacstattoo.com\/hu\/wp-json\/wp\/v2\/comments?post=1197"}],"version-history":[{"count":5,"href":"https:\/\/robikovacstattoo.com\/hu\/wp-json\/wp\/v2\/pages\/1197\/revisions"}],"predecessor-version":[{"id":1212,"href":"https:\/\/robikovacstattoo.com\/hu\/wp-json\/wp\/v2\/pages\/1197\/revisions\/1212"}],"wp:attachment":[{"href":"https:\/\/robikovacstattoo.com\/hu\/wp-json\/wp\/v2\/media?parent=1197"}],"curies":[{"name":"wp","href":"https:\/\/api.w.org\/{rel}","templated":true}]}}