{"id":1205,"date":"2023-12-20T13:34:15","date_gmt":"2023-12-20T12:34:15","guid":{"rendered":"https:\/\/robikovacstattoo.com\/?page_id=1205"},"modified":"2023-12-20T13:47:02","modified_gmt":"2023-12-20T12:47:02","slug":"suti-tajekoztato","status":"publish","type":"page","link":"https:\/\/robikovacstattoo.com\/hu\/cookie-richtlinie\/","title":{"rendered":"Cookie t\u00e1j\u00e9koztat\u00f3"},"content":{"rendered":"<div data-elementor-type=\"wp-page\" data-elementor-id=\"1205\" class=\"elementor elementor-1205\" data-elementor-post-type=\"page\">\n\t\t\t\t<section class=\"elementor-element elementor-element-6740793 e-flex e-con-boxed e-con e-parent\" data-id=\"6740793\" data-element_type=\"container\" data-e-type=\"container\" data-settings=\"{&quot;_ob_use_container_extras&quot;:&quot;no&quot;,&quot;_ob_column_has_pseudo&quot;:&quot;no&quot;}\">\n\t\t\t\t\t<div class=\"e-con-inner\">\n\t\t<div class=\"elementor-element elementor-element-fa45919 e-con-full e-flex ob-is-container-extras e-con e-child\" data-id=\"fa45919\" data-element_type=\"container\" data-e-type=\"container\" data-settings=\"{&quot;_ob_use_container_extras&quot;:&quot;yes&quot;,&quot;_ob_column_has_pseudo&quot;:&quot;no&quot;}\">\n\t\t\t\t<div class=\"elementor-element elementor-element-4cb0cfa elementor-widget elementor-widget-heading\" data-id=\"4cb0cfa\" data-element_type=\"widget\" data-e-type=\"widget\" data-widget_type=\"heading.default\">\n\t\t\t\t<div class=\"elementor-widget-container\">\n\t\t\t\t\t<h1 class=\"elementor-heading-title elementor-size-default\">Cookie t\u00e1j\u00e9koztat\u00f3<\/h1>\t\t\t\t<\/div>\n\t\t\t\t<\/div>\n\t\t\t\t<\/div>\n\t\t<div class=\"elementor-element elementor-element-b9f6cc1 e-con-full e-flex ob-is-container-extras e-con e-child\" data-id=\"b9f6cc1\" data-element_type=\"container\" data-e-type=\"container\" data-settings=\"{&quot;_ob_use_container_extras&quot;:&quot;yes&quot;,&quot;_ob_column_has_pseudo&quot;:&quot;no&quot;}\">\n\t\t\t\t<div class=\"elementor-element elementor-element-5f56df7 ob-has-background-overlay elementor-widget elementor-widget-heading\" data-id=\"5f56df7\" data-element_type=\"widget\" data-e-type=\"widget\" data-settings=\"{&quot;_ob_poopart_use&quot;:&quot;yes&quot;}\" data-widget_type=\"heading.default\">\n\t\t\t\t<div class=\"elementor-widget-container\">\n\t\t\t\t\t<h3 class=\"elementor-heading-title elementor-size-default\">Mik azok a s\u00fctik \u00e9s hogyan tudod m\u00f3dos\u00edtani a be\u00e1ll\u00edt\u00e1sokat?<\/h3>\t\t\t\t<\/div>\n\t\t\t\t<\/div>\n\t\t\t\t<div class=\"elementor-element elementor-element-f435fb4 ob-has-background-overlay elementor-widget elementor-widget-text-editor\" data-id=\"f435fb4\" data-element_type=\"widget\" data-e-type=\"widget\" data-settings=\"{&quot;_ob_poopart_use&quot;:&quot;yes&quot;}\" data-widget_type=\"text-editor.default\">\n\t\t\t\t<div class=\"elementor-widget-container\">\n\t\t\t\t\t\t\t\t\t<p>A s\u00fctik (angolul cookies) olyan apr\u00f3cska adatf\u00e1jlok, amiket a weboldalak a l\u00e1togat\u00f3k eszk\u00f6z\u00e9re helyeznek.<\/p><p>Mit csin\u00e1lnak a s\u00fctik? Inform\u00e1ci\u00f3t gy\u0171jtenek r\u00f3lad \u00e9s az eszk\u00f6zeidr\u0151l, megjegyzik az \u00e1ltalad be\u00e1ll\u00edtott preferenci\u00e1kat, seg\u00edtenek k\u00f6nnyebben haszn\u00e1lni az oldalt, \u00e9s mindezzel egy\u00fctt egy szuper felhaszn\u00e1l\u00f3i \u00e9lm\u00e9nyt biztos\u00edtanak neked.<\/p><p>Vannak olyan s\u00fctik, amik csak ideiglenesen l\u00e9teznek, \u00e9s elt\u0171nnek, amikor becsukod a b\u00f6ng\u00e9sz\u0151det. De akadnak tart\u00f3s s\u00fctik is, amik hosszabb ideig maradnak a g\u00e9peden. A t\u00f6rv\u00e9nyek alapj\u00e1n a s\u00fctiket csak akkor t\u00e1rolhatjuk a g\u00e9peden, ha erre t\u00e9nyleg sz\u00fcks\u00e9g van ahhoz, hogy az oldalunk megfelel\u0151en m\u0171k\u00f6dj\u00f6n.<\/p><p>B\u00e1rmilyen m\u00e1s s\u00fctihez a te beleegyez\u00e9sedre van sz\u00fcks\u00e9g\u00fcnk. Az oldalunkon t\u00f6bbf\u00e9le s\u00fctit haszn\u00e1lunk. N\u00e9h\u00e1ny s\u00fctit a harmadik f\u00e9l szolg\u00e1ltat\u00f3ink helyeznek el.<\/p><p>A b\u00f6ng\u00e9sz\u0151k lehet\u0151v\u00e9 teszik, hogy megv\u00e1ltoztasd a s\u00fcti-be\u00e1ll\u00edt\u00e1saidat. A legt\u00f6bb b\u00f6ng\u00e9sz\u0151 alap\u00e9rtelmez\u00e9sben elfogadja a s\u00fctiket, de ezt meg tudod v\u00e1ltoztatni, hogy ne fogadjon el automatikusan s\u00fctiket.<\/p><p>Ha t\u00f6bbet akarsz tudni arr\u00f3l, hogyan tudod m\u00f3dos\u00edtani a b\u00f6ng\u00e9sz\u0151d be\u00e1ll\u00edt\u00e1sait, n\u00e9zd \u00e1t a b\u00f6ng\u00e9sz\u0151 utas\u00edt\u00e1sait vagy a s\u00fag\u00f3j\u00e1t. Az al\u00e1bbi linkeken tal\u00e1lsz inf\u00f3t a legn\u00e9pszer\u0171bb b\u00f6ng\u00e9sz\u0151k s\u00fcti-be\u00e1ll\u00edt\u00e1sair\u00f3l:<\/p><ul><li><a href=\"https:\/\/support.google.com\/accounts\/answer\/61416?hl=hu\" target=\"_blank\" rel=\"noopener\">Google Chrome<\/a><\/li><li><a href=\"https:\/\/support.mozilla.org\/hu\/kb\/S%C3%BCtik%20kezel%C3%A9se\" target=\"_blank\" rel=\"noopener\">Firefox<\/a><\/li><li><a href=\"http:\/\/windows.microsoft.com\/hu-hu\/internet-explorer\/delete-manage-cookies#ie=ie-11\" target=\"_blank\" rel=\"noopener\">Microsoft Internet Explorer<\/a><\/li><li><a href=\"http:\/\/windows.microsoft.com\/hu-hu\/windows-10\/edge-privacy-faq\" target=\"_blank\" rel=\"noopener\">Microsoft Edge<\/a><\/li><li><a href=\"https:\/\/support.apple.com\/hu-hu\/guide\/safari\/sfri11471\/mac\" target=\"_blank\" rel=\"noopener\">Safari<\/a><\/li><\/ul>\t\t\t\t\t\t\t\t<\/div>\n\t\t\t\t<\/div>\n\t\t\t\t<div class=\"elementor-element elementor-element-f6439b2 ob-has-background-overlay elementor-widget elementor-widget-heading\" data-id=\"f6439b2\" data-element_type=\"widget\" data-e-type=\"widget\" data-settings=\"{&quot;_ob_poopart_use&quot;:&quot;yes&quot;}\" data-widget_type=\"heading.default\">\n\t\t\t\t<div class=\"elementor-widget-container\">\n\t\t\t\t\t<h3 class=\"elementor-heading-title elementor-size-default\">Hol t\u00f6rt\u00e9nik meg a t\u00e1j\u00e9koztat\u00e1s \u00e9s hozz\u00e1j\u00e1rul\u00e1s a s\u00fcti kezel\u00e9ssel kapcsolatban?<\/h3>\t\t\t\t<\/div>\n\t\t\t\t<\/div>\n\t\t\t\t<div class=\"elementor-element elementor-element-7528f9c ob-has-background-overlay elementor-widget elementor-widget-text-editor\" data-id=\"7528f9c\" data-element_type=\"widget\" data-e-type=\"widget\" data-settings=\"{&quot;_ob_poopart_use&quot;:&quot;yes&quot;}\" data-widget_type=\"text-editor.default\">\n\t\t\t\t<div class=\"elementor-widget-container\">\n\t\t\t\t\t\t\t\t\t<p>Amikor a honlapunkat els\u0151 alkalommal l\u00e1togatod meg, akkor egy pop-up (felugr\u00f3) ablak jelenik meg a k\u00e9perny\u0151 alj\u00e1n, \u00e9s meg tudod hat\u00e1rozni azt, hogy mely s\u00fctikhez adod a hozz\u00e1j\u00e1rul\u00e1st.<\/p>\t\t\t\t\t\t\t\t<\/div>\n\t\t\t\t<\/div>\n\t\t\t\t<div class=\"elementor-element elementor-element-74a22da ob-has-background-overlay elementor-widget elementor-widget-heading\" data-id=\"74a22da\" data-element_type=\"widget\" data-e-type=\"widget\" data-settings=\"{&quot;_ob_poopart_use&quot;:&quot;yes&quot;}\" data-widget_type=\"heading.default\">\n\t\t\t\t<div class=\"elementor-widget-container\">\n\t\t\t\t\t<h3 class=\"elementor-heading-title elementor-size-default\">Milyen t\u00edpus\u00fa s\u00fctik vannak?<\/h3>\t\t\t\t<\/div>\n\t\t\t\t<\/div>\n\t\t\t\t<div class=\"elementor-element elementor-element-bcece1a ob-has-background-overlay elementor-widget elementor-widget-heading\" data-id=\"bcece1a\" data-element_type=\"widget\" data-e-type=\"widget\" data-settings=\"{&quot;_ob_poopart_use&quot;:&quot;yes&quot;}\" data-widget_type=\"heading.default\">\n\t\t\t\t<div class=\"elementor-widget-container\">\n\t\t\t\t\t<h4 class=\"elementor-heading-title elementor-size-default\">N\u00e9lk\u00fcl\u00f6zhetetlen s\u00fctik<\/h4>\t\t\t\t<\/div>\n\t\t\t\t<\/div>\n\t\t\t\t<div class=\"elementor-element elementor-element-a30960c ob-has-background-overlay elementor-widget elementor-widget-text-editor\" data-id=\"a30960c\" data-element_type=\"widget\" data-e-type=\"widget\" data-settings=\"{&quot;_ob_poopart_use&quot;:&quot;yes&quot;}\" data-widget_type=\"text-editor.default\">\n\t\t\t\t<div class=\"elementor-widget-container\">\n\t\t\t\t\t\t\t\t\t<p>Ezek a s\u00fctik seg\u00edtenek, hogy a weboldalunk haszn\u00e1lhat\u00f3 legyen, alapvet\u0151 funkci\u00f3kat, mint a navig\u00e1ci\u00f3 \u00e9s a weboldal biztons\u00e1gos ter\u00fcleteihez val\u00f3 hozz\u00e1f\u00e9r\u00e9s tesznek lehet\u0151v\u00e9. An\u00e9lk\u00fcl, hogy ezek a s\u00fctik m\u0171k\u00f6dn\u00e9nek, az oldalunk nem tudna rendesen futni.<\/p><ul><li>PHPSESSID: Az oldalon t\u00f6rt\u00e9n\u0151 navig\u00e1ci\u00f3t seg\u00edti, munkamenetet hoz l\u00e9tre az oldalk\u00e9r\u00e9sek k\u00f6z\u00f6tt. Id\u0151tartam: am\u00edg a b\u00f6ng\u00e9sz\u0151d nyitva van.<\/li><li>moove_gdpr_popup: Elmenti a s\u00fcti-be\u00e1ll\u00edt\u00e1saidat az adott domainen. Id\u0151tartam: 1 \u00e9v.<\/li><li>JSESSIONID: Anonim azonos\u00edt\u00f3t rendel minden oldalmegnyit\u00e1shoz, hogy jobban haszn\u00e1lhat\u00f3 legyen az oldal. Id\u0151tartam: am\u00edg a b\u00f6ng\u00e9sz\u0151d nyitva van.<\/li><\/ul>\t\t\t\t\t\t\t\t<\/div>\n\t\t\t\t<\/div>\n\t\t\t\t<div class=\"elementor-element elementor-element-a5f0f19 ob-has-background-overlay elementor-widget elementor-widget-heading\" data-id=\"a5f0f19\" data-element_type=\"widget\" data-e-type=\"widget\" data-settings=\"{&quot;_ob_poopart_use&quot;:&quot;yes&quot;}\" data-widget_type=\"heading.default\">\n\t\t\t\t<div class=\"elementor-widget-container\">\n\t\t\t\t\t<h4 class=\"elementor-heading-title elementor-size-default\">Preferenci\u00e1lis s\u00fctik<\/h4>\t\t\t\t<\/div>\n\t\t\t\t<\/div>\n\t\t\t\t<div class=\"elementor-element elementor-element-85c64f7 ob-has-background-overlay elementor-widget elementor-widget-text-editor\" data-id=\"85c64f7\" data-element_type=\"widget\" data-e-type=\"widget\" data-settings=\"{&quot;_ob_poopart_use&quot;:&quot;yes&quot;}\" data-widget_type=\"text-editor.default\">\n\t\t\t\t<div class=\"elementor-widget-container\">\n\t\t\t\t\t\t\t\t\t<p>Ezek a s\u00fctik seg\u00edtenek nek\u00fcnk megjegyezni olyan inform\u00e1ci\u00f3kat, amik megv\u00e1ltoztatj\u00e1k az oldal kin\u00e9zet\u00e9t vagy viselked\u00e9s\u00e9t, p\u00e9ld\u00e1ul a prefer\u00e1lt nyelvet vagy a r\u00e9gi\u00f3t, ahol \u00e9ppen vagy.<\/p>\t\t\t\t\t\t\t\t<\/div>\n\t\t\t\t<\/div>\n\t\t\t\t<div class=\"elementor-element elementor-element-13f9364 ob-has-background-overlay elementor-widget elementor-widget-heading\" data-id=\"13f9364\" data-element_type=\"widget\" data-e-type=\"widget\" data-settings=\"{&quot;_ob_poopart_use&quot;:&quot;yes&quot;}\" data-widget_type=\"heading.default\">\n\t\t\t\t<div class=\"elementor-widget-container\">\n\t\t\t\t\t<h4 class=\"elementor-heading-title elementor-size-default\">Statisztikai c\u00e9l\u00fa s\u00fctik<\/h4>\t\t\t\t<\/div>\n\t\t\t\t<\/div>\n\t\t\t\t<div class=\"elementor-element elementor-element-b84b789 ob-has-background-overlay elementor-widget elementor-widget-text-editor\" data-id=\"b84b789\" data-element_type=\"widget\" data-e-type=\"widget\" data-settings=\"{&quot;_ob_poopart_use&quot;:&quot;yes&quot;}\" data-widget_type=\"text-editor.default\">\n\t\t\t\t<div class=\"elementor-widget-container\">\n\t\t\t\t\t\t\t\t\t<p>Anonim form\u00e1ban gy\u0171jtenek adatokat, \u00e9s seg\u00edtenek nek\u00fcnk meg\u00e9rteni, hogyan haszn\u00e1lj\u00e1k a l\u00e1togat\u00f3k az oldalt.<\/p><ul><li>_ga \u00e9s _gid: Egyedi azonos\u00edt\u00f3t r\u00f6gz\u00edt, seg\u00edts\u00e9g\u00e9vel anonim statisztikai adatokat gy\u0171jt a weboldal haszn\u00e1lat\u00e1val kapcsolatban. Id\u0151tartam: 2 \u00e9v.<\/li><li>_gat: A Google Analytics haszn\u00e1lja, szab\u00e1lyozza a lek\u00e9r\u00e9sek gyakoris\u00e1g\u00e1t. Id\u0151tartam: am\u00edg a b\u00f6ng\u00e9sz\u0151d nyitva van.<\/li><li>collect: A Google Analytics sz\u00e1m\u00e1ra gy\u0171jt adatot a b\u00f6ng\u00e9sz\u00e9si szok\u00e1saidr\u00f3l, k\u00fcl\u00f6nb\u00f6z\u0151 eszk\u00f6z\u00f6k\u00f6n \u00e9s marketing csatorn\u00e1kon \u00e1t. Id\u0151tartam: am\u00edg a b\u00f6ng\u00e9sz\u0151d nyitva van.<\/li><\/ul>\t\t\t\t\t\t\t\t<\/div>\n\t\t\t\t<\/div>\n\t\t\t\t<div class=\"elementor-element elementor-element-56ccfef ob-has-background-overlay elementor-widget elementor-widget-heading\" data-id=\"56ccfef\" data-element_type=\"widget\" data-e-type=\"widget\" data-settings=\"{&quot;_ob_poopart_use&quot;:&quot;yes&quot;}\" data-widget_type=\"heading.default\">\n\t\t\t\t<div class=\"elementor-widget-container\">\n\t\t\t\t\t<h4 class=\"elementor-heading-title elementor-size-default\">Marketing c\u00e9l\u00fa s\u00fctik<\/h4>\t\t\t\t<\/div>\n\t\t\t\t<\/div>\n\t\t\t\t<div class=\"elementor-element elementor-element-1ebe111 ob-has-background-overlay elementor-widget elementor-widget-text-editor\" data-id=\"1ebe111\" data-element_type=\"widget\" data-e-type=\"widget\" data-settings=\"{&quot;_ob_poopart_use&quot;:&quot;yes&quot;}\" data-widget_type=\"text-editor.default\">\n\t\t\t\t<div class=\"elementor-widget-container\">\n\t\t\t\t\t\t\t\t\t<p>Ezek a s\u00fctik seg\u00edtenek nek\u00fcnk nyomon k\u00f6vetni a tev\u00e9kenys\u00e9gedet az oldalon, hogy min\u00e9l relev\u00e1nsabb hirdet\u00e9seket \u00e9s tartalmakat tudjunk neked megjelen\u00edteni, \u00e9s aktivit\u00e1sra buzd\u00edtsunk.<\/p><ul><li>ads\/ga-audiences: A Google Adwords haszn\u00e1lja, hogy a b\u00f6ng\u00e9sz\u00e9si szok\u00e1said alapj\u00e1n c\u00e9lzott hirdet\u00e9seket tudjon neked mutatni. Id\u0151tartam: am\u00edg a b\u00f6ng\u00e9sz\u0151d nyitva van.<\/li><li>pref: Egyedi azonos\u00edt\u00f3t r\u00f6gz\u00edt, a YouTube felhaszn\u00e1lja, hogy statisztik\u00e1t k\u00e9sz\u00edthessen arr\u00f3l, milyen vide\u00f3kat n\u00e9zt\u00e9l meg. Id\u0151tartam: 8 h\u00f3nap.<\/li><li>fr \u00e9s tr: A Facebook haszn\u00e1lja, hogy a b\u00f6ng\u00e9sz\u00e9si szok\u00e1said alapj\u00e1n c\u00e9lzott hirdet\u00e9seket tudjon neked mutatni. Id\u0151tartam: fr 3 h\u00f3nap, tr am\u00edg a b\u00f6ng\u00e9sz\u0151d nyitva van.<\/li><\/ul>\t\t\t\t\t\t\t\t<\/div>\n\t\t\t\t<\/div>\n\t\t\t\t<div class=\"elementor-element elementor-element-9a3a188 ob-has-background-overlay elementor-widget elementor-widget-text-editor\" data-id=\"9a3a188\" data-element_type=\"widget\" data-e-type=\"widget\" data-settings=\"{&quot;_ob_poopart_use&quot;:&quot;yes&quot;}\" data-widget_type=\"text-editor.default\">\n\t\t\t\t<div class=\"elementor-widget-container\">\n\t\t\t\t\t\t\t\t\t<p>Fontos! N\u00e9h\u00e1ny s\u00fcti lej\u00e1rati ideje v\u00e1ltoz\u00f3, a Facebook s\u00fctikkel kapcsolatos t\u00e1j\u00e9koztat\u00f3j\u00e1t pedig itt tal\u00e1lod: https:\/\/www.facebook.com\/policies\/cookies\/<\/p>\t\t\t\t\t\t\t\t<\/div>\n\t\t\t\t<\/div>\n\t\t\t\t<div class=\"elementor-element elementor-element-8c2e9bc elementor-widget__width-inherit ob-has-background-overlay elementor-widget elementor-widget-heading\" data-id=\"8c2e9bc\" data-element_type=\"widget\" data-e-type=\"widget\" data-settings=\"{&quot;_ob_poopart_use&quot;:&quot;yes&quot;}\" data-widget_type=\"heading.default\">\n\t\t\t\t<div class=\"elementor-widget-container\">\n\t\t\t\t\t<h3 class=\"elementor-heading-title elementor-size-default\">A s\u00fctik be\u00e1ll\u00edt\u00e1sainak ellen\u0151rz\u00e9se \u00e9s letilt\u00e1sa<\/h3>\t\t\t\t<\/div>\n\t\t\t\t<\/div>\n\t\t\t\t<div class=\"elementor-element elementor-element-f8ad240 ob-has-background-overlay elementor-widget elementor-widget-text-editor\" data-id=\"f8ad240\" data-element_type=\"widget\" data-e-type=\"widget\" data-settings=\"{&quot;_ob_poopart_use&quot;:&quot;yes&quot;}\" data-widget_type=\"text-editor.default\">\n\t\t\t\t<div class=\"elementor-widget-container\">\n\t\t\t\t\t\t\t\t\t<p>A modern b\u00f6ng\u00e9sz\u0151k lehet\u0151s\u00e9get adnak a s\u00fcti be\u00e1ll\u00edt\u00e1sok m\u00f3dos\u00edt\u00e1s\u00e1ra. B\u00e1r sok b\u00f6ng\u00e9sz\u0151 alap\u00e9rtelmezettk\u00e9nt automatikusan elfogadja a s\u00fctiket, ezt a be\u00e1ll\u00edt\u00e1st megv\u00e1ltoztathatod, hogy megakad\u00e1lyozd az automatikus s\u00fcti-elfogad\u00e1st a j\u00f6v\u0151ben.<\/p><p>Ha ezt a be\u00e1ll\u00edt\u00e1st m\u00f3dos\u00edtod, a b\u00f6ng\u00e9sz\u0151d minden alkalommal felaj\u00e1nlja a s\u00fcti be\u00e1ll\u00edt\u00e1sainak m\u00f3dos\u00edt\u00e1si lehet\u0151s\u00e9g\u00e9t.<\/p><p>A \u201es\u00fctik\u201d enged\u00e9lyez\u00e9se eset\u00e9n sem t\u00e1rolunk semmilyen azonos\u00edt\u00f3t vagy jelsz\u00f3t. Teh\u00e1t m\u00e9g a \u201es\u00fctik\u201d elfogad\u00e1sa eset\u00e9n is biztons\u00e1gosan haszn\u00e1lhatod a szolg\u00e1ltat\u00e1sainkat.<\/p><p>Felh\u00edvjuk a l\u00e1togat\u00f3ink figyelm\u00e9t, hogy mivel a \u201es\u00fctik\u201d c\u00e9lja a weboldal haszn\u00e1lat\u00e1nak \u00e9s folyamatainak megk\u00f6nny\u00edt\u00e9se, a \u201es\u00fctik\u201d letilt\u00e1sa eset\u00e9n nem tudjuk garant\u00e1lni, hogy k\u00e9pes leszel a weboldal \u00f6sszes funkci\u00f3j\u00e1t teljes k\u00f6r\u0171en haszn\u00e1lni. Ebben az esetben a weboldal a tervezett\u0151l elt\u00e9r\u0151en m\u0171k\u00f6dhet a b\u00f6ng\u00e9sz\u0151dben.<\/p>\t\t\t\t\t\t\t\t<\/div>\n\t\t\t\t<\/div>\n\t\t\t\t<div class=\"elementor-element elementor-element-6ba5102 elementor-widget__width-inherit ob-has-background-overlay elementor-widget elementor-widget-heading\" data-id=\"6ba5102\" data-element_type=\"widget\" data-e-type=\"widget\" data-settings=\"{&quot;_ob_poopart_use&quot;:&quot;yes&quot;}\" data-widget_type=\"heading.default\">\n\t\t\t\t<div class=\"elementor-widget-container\">\n\t\t\t\t\t<h3 class=\"elementor-heading-title elementor-size-default\">Adatkezel\u00e9si t\u00e1j\u00e9koztat\u00f3<\/h3>\t\t\t\t<\/div>\n\t\t\t\t<\/div>\n\t\t\t\t<div class=\"elementor-element elementor-element-5d63502 ob-has-background-overlay elementor-widget elementor-widget-text-editor\" data-id=\"5d63502\" data-element_type=\"widget\" data-e-type=\"widget\" data-settings=\"{&quot;_ob_poopart_use&quot;:&quot;yes&quot;}\" data-widget_type=\"text-editor.default\">\n\t\t\t\t<div class=\"elementor-widget-container\">\n\t\t\t\t\t\t\t\t\t<p class=\"translation-block\">A s\u00fctik \u00e1ltal t\u00e1rolt adatok kezel\u00e9se mellett fontos, hogy tiszt\u00e1ban legy\u00e9l azzal is, hogyan kezelj\u00fck az oldalunkon megadott szem\u00e9lyes adataidat. Ennek \u00e9rdek\u00e9ben weboldalunkon el\u00e9rhet\u0151 egy r\u00e9szletes Adatkezel\u00e9si t\u00e1j\u00e9koztat\u00f3.<\/p>\t\t\t\t\t\t\t\t<\/div>\n\t\t\t\t<\/div>\n\t\t\t\t<\/div>\n\t\t\t\t\t<\/div>\n\t\t\t\t<\/section>\n\t\t\t\t<\/div>","protected":false},"excerpt":{"rendered":"<p>Cookie-Richtlinie Was sind Cookies und wie kannst du die Einstellungen \u00e4ndern? Cookies (auf Englisch cookies) sind kleine Dateien, die von Webseiten auf die Ger\u00e4te der Besucher gelegt werden. Was machen Cookies? Sie sammeln Informationen \u00fcber dich und deine Ger\u00e4te, speichern deine Einstellungen, erleichtern die Nutzung der Website und bieten dir dadurch ein hervorragendes Nutzererlebnis. Es [&hellip;]<\/p>\n","protected":false},"author":1,"featured_media":0,"parent":0,"menu_order":0,"comment_status":"closed","ping_status":"closed","template":"","meta":{"footnotes":""},"class_list":["post-1205","page","type-page","status-publish","hentry"],"_links":{"self":[{"href":"https:\/\/robikovacstattoo.com\/hu\/wp-json\/wp\/v2\/pages\/1205","targetHints":{"allow":["GET"]}}],"collection":[{"href":"https:\/\/robikovacstattoo.com\/hu\/wp-json\/wp\/v2\/pages"}],"about":[{"href":"https:\/\/robikovacstattoo.com\/hu\/wp-json\/wp\/v2\/types\/page"}],"author":[{"embeddable":true,"href":"https:\/\/robikovacstattoo.com\/hu\/wp-json\/wp\/v2\/users\/1"}],"replies":[{"embeddable":true,"href":"https:\/\/robikovacstattoo.com\/hu\/wp-json\/wp\/v2\/comments?post=1205"}],"version-history":[{"count":5,"href":"https:\/\/robikovacstattoo.com\/hu\/wp-json\/wp\/v2\/pages\/1205\/revisions"}],"predecessor-version":[{"id":1218,"href":"https:\/\/robikovacstattoo.com\/hu\/wp-json\/wp\/v2\/pages\/1205\/revisions\/1218"}],"wp:attachment":[{"href":"https:\/\/robikovacstattoo.com\/hu\/wp-json\/wp\/v2\/media?parent=1205"}],"curies":[{"name":"wp","href":"https:\/\/api.w.org\/{rel}","templated":true}]}}